{"id":690,"date":"2020-03-30T08:22:15","date_gmt":"2020-03-30T08:22:15","guid":{"rendered":"http:\/\/ready2learn.de\/?page_id=690"},"modified":"2020-04-13T17:04:06","modified_gmt":"2020-04-13T17:04:06","slug":"deutsch-2","status":"publish","type":"page","link":"https:\/\/ready2learn.de\/?page_id=690","title":{"rendered":"Deutsch"},"content":{"rendered":"\n<figure class=\"wp-block-image size-large is-resized is-style-default\"><img loading=\"lazy\" decoding=\"async\" src=\"http:\/\/ready2learn.de\/wp-content\/uploads\/2020\/03\/LesenSchreibenEule.jpg\" alt=\"\" class=\"wp-image-717\" width=\"164\" height=\"163\" srcset=\"https:\/\/ready2learn.de\/wp-content\/uploads\/2020\/03\/LesenSchreibenEule.jpg 199w, https:\/\/ready2learn.de\/wp-content\/uploads\/2020\/03\/LesenSchreibenEule-150x150.jpg 150w, https:\/\/ready2learn.de\/wp-content\/uploads\/2020\/03\/LesenSchreibenEule-186x185.jpg 186w, https:\/\/ready2learn.de\/wp-content\/uploads\/2020\/03\/LesenSchreibenEule-60x60.jpg 60w\" sizes=\"auto, (max-width: 164px) 100vw, 164px\" \/><\/figure>\n\n\n\n<h4 class=\"wp-block-heading\"><strong>Voraussetzungen f\u00fcr den (Schrift-)Spracherwerb<\/strong><\/h4>\n\n\n\n<h5 class=\"wp-block-heading\"><strong>Vielf\u00e4ltige Spracherfahrungen<\/strong><\/h5>\n\n\n\n<p>Der Aufbau eines gesicherten Wortschatzes und der Erwerb der Schriftsprache werden heute als Entwicklungsprozess aufgefasst, der bei vielen Kindern bis zum Zeitpunkt der Einschulung unterschiedlich weit fortgeschritten ist. Dieser Prozess wird durch vielf\u00e4ltige Spracherfahrungen in Gang gesetzt, die im Kindergarten durch gezielte Impulse angeregt werden. Dazu geh\u00f6rt, dass die Kinder fr\u00fch in f\u00fcr sie sinnvoller Weise erste Erfahrungen mit Lesen und Schreiben machen.<\/p>\n\n\n\n<p><\/p>\n\n\n\n<h5 class=\"wp-block-heading\"><strong>Phonologische Bewusstheit<\/strong><\/h5>\n\n\n\n<p>Die phonologische Bewusstheit ist eine zentrale Vorl\u00e4uferf\u00e4higkeit f\u00fcr Lesen, Schreiben und Rechtschreiben. Es handelt sich dabei um die F\u00e4higkeit, die Gliederungselemente der gesprochenen Sprache zu erkennen und vor allem die Laute in den W\u00f6rtern unterscheiden zu k\u00f6nnen. Wenn hier bereits im Kindergarten eine F\u00f6rdernotwendigkeit erkannt und dementsprechend gef\u00f6rdert wird, wird sich dies auf den sp\u00e4teren Lernerfolg und die Lernfreude nachhaltig auswirken.<\/p>\n\n\n\n<p><\/p>\n\n\n\n<p><\/p>\n\n\n\n<p><\/p>\n\n\n\n<p><\/p>\n\n\n\n<div class=\"wp-block-media-text alignwide is-vertically-aligned-center\" style=\"grid-template-columns:15% auto\"><figure class=\"wp-block-media-text__media\"><img loading=\"lazy\" decoding=\"async\" width=\"451\" height=\"456\" src=\"http:\/\/ready2learn.de\/wp-content\/uploads\/2020\/03\/SchreibEule.jpg\" alt=\"\" class=\"wp-image-203\" srcset=\"https:\/\/ready2learn.de\/wp-content\/uploads\/2020\/03\/SchreibEule.jpg 451w, https:\/\/ready2learn.de\/wp-content\/uploads\/2020\/03\/SchreibEule-297x300.jpg 297w, https:\/\/ready2learn.de\/wp-content\/uploads\/2020\/03\/SchreibEule-60x60.jpg 60w\" sizes=\"auto, (max-width: 451px) 100vw, 451px\" \/><\/figure><div class=\"wp-block-media-text__content\">\n<p class=\"has-text-color has-normal-font-size has-vivid-cyan-blue-color\"><strong>Schreiben<\/strong> Die Sch\u00fclerinnen und Sch\u00fcler schreiben Sachverhalte, Erfahrungen, Gedanken und Gef\u00fchle f\u00fcr sich und andere auf. Sie lernen, ihre jeweiligen Schreibabsichten mit Hilfe entsprechender Sprachmittel und Textmuster bewusst zu gestalten. Sie orientieren sich dabei zunehmend an regelkonformen Schreibweisen und benutzen dazu entsprechende Strategien und geeignete Hilfsmittel.<\/p>\n<\/div><\/div>\n\n\n\n<p><\/p>\n\n\n\n<div class=\"wp-block-media-text alignwide is-vertically-aligned-center\" style=\"grid-template-columns:15% auto\"><figure class=\"wp-block-media-text__media\"><img loading=\"lazy\" decoding=\"async\" width=\"199\" height=\"198\" src=\"http:\/\/ready2learn.de\/wp-content\/uploads\/2020\/03\/LesenEule-1.jpg\" alt=\"\" class=\"wp-image-202\" srcset=\"https:\/\/ready2learn.de\/wp-content\/uploads\/2020\/03\/LesenEule-1.jpg 199w, https:\/\/ready2learn.de\/wp-content\/uploads\/2020\/03\/LesenEule-1-150x150.jpg 150w, https:\/\/ready2learn.de\/wp-content\/uploads\/2020\/03\/LesenEule-1-186x185.jpg 186w, https:\/\/ready2learn.de\/wp-content\/uploads\/2020\/03\/LesenEule-1-60x60.jpg 60w\" sizes=\"auto, (max-width: 199px) 100vw, 199px\" \/><\/figure><div class=\"wp-block-media-text__content\">\n<p class=\"has-text-color has-normal-font-size has-vivid-cyan-blue-color\"><strong>Lesen<\/strong> Die Sch\u00fclerinnen und Sch\u00fcler entwickeln ihre Lesef\u00e4higkeiten in einer anregenden Leseumgebung. \u00dcber das genie\u00dfende und interessengeleitete Lesen erh\u00e4lt das Lesen im eigenen Alltag eine positive Funktion. Die Sch\u00fclerinnen und Sch\u00fcler machen Erfahrungen mit unterschiedlichen fiktionalen Texten sowie Sach- und Gebrauchstexten. Sie nutzen Lesestrategien, um das Verstehen von Texten und Medien zu intensivieren, und verbinden das Gelesene mit ihrem Sach- und Weltwissen.<\/p>\n<\/div><\/div>\n\n\n\n<p><\/p>\n\n\n\n<p><strong>Zum Ende der Einf\u00fchrungsphase und zum Ende der 4. Klasse sollte das Kind folgende  Kompetenzen sicher anwenden k\u00f6nnen.&nbsp;<\/strong><a href=\"http:\/\/ready2learn.de\/?page_id=182\">Kompetenzen<\/a><br><\/p>\n\n\n\n<p><\/p>\n\n\n\n<p>Erfolgreich starten! Schulf\u00e4higkeitsprofil als Br\u00fccke zwischen Kindergarten und Grundschule. Eine Handreichung<a rel=\"noreferrer noopener\" href=\"https:\/\/www.google.com\/url?sa=t&amp;rct=j&amp;q=&amp;esrc=s&amp;source=web&amp;cd=2&amp;ved=2ahUKEwjMh_2l7sHoAhXQCuwKHaFBAb0QFjABegQIAhAB&amp;url=https%3A%2F%2Fwww.schulentwicklung.nrw.de%2Fmaterialdatenbank%2Fmaterial%2Fdownload%2F3761&amp;usg=AOvVaw2EpZyQ2vDGU9nDIkQdWGk0\" target=\"_blank\">&nbsp;(Download hier)<\/a><\/p>\n\n\n\n<p class=\"has-small-font-size\">Quelle:&nbsp;<a rel=\"noreferrer noopener\" href=\"https:\/\/www.schulentwicklung.nrw.de\/lehrplaene\/lehrplannavigator-grundschule\/deutsch\/lehrplan-mathematik\/kompetenzen\/kompetenzen.html\" target=\"_blank\">Schulministerium NRW\/D<\/a>&nbsp;Die Urheber- und Nutzungsrechte f\u00fcr Texte, Grafiken, Bilder, Design und Quellcode liegen bei der Qualit\u00e4ts- und Unterst\u00fctzungsAgentur \u2013 Landesinstitut f\u00fcr Schule. Die nicht-kommerzielle Erstellung, Verwendung und Weitergabe von Kopien in elektronischer oder ausgedruckter Form sind erlaubt, wenn der Inhalt unver\u00e4ndert bleibt, die Quelle angegeben wird (www.qua-lis.nrw.de) und keine Rechte Dritter betroffen sind.<\/p>\n","protected":false},"excerpt":{"rendered":"<p>Voraussetzungen f\u00fcr den (Schrift-)Spracherwerb Vielf\u00e4ltige Spracherfahrungen Der Aufbau eines gesicherten Wortschatzes und der Erwerb der Schriftsprache werden heute als Entwicklungsprozess aufgefasst, der bei vielen Kindern bis zum Zeitpunkt der Einschulung unterschiedlich weit fortgeschritten ist. Dieser Prozess wird durch vielf\u00e4ltige Spracherfahrungen &hellip; <\/p>\n","protected":false},"author":1,"featured_media":0,"parent":0,"menu_order":0,"comment_status":"closed","ping_status":"closed","template":"","meta":{"footnotes":""},"class_list":["post-690","page","type-page","status-publish","hentry"],"_links":{"self":[{"href":"https:\/\/ready2learn.de\/index.php?rest_route=\/wp\/v2\/pages\/690","targetHints":{"allow":["GET"]}}],"collection":[{"href":"https:\/\/ready2learn.de\/index.php?rest_route=\/wp\/v2\/pages"}],"about":[{"href":"https:\/\/ready2learn.de\/index.php?rest_route=\/wp\/v2\/types\/page"}],"author":[{"embeddable":true,"href":"https:\/\/ready2learn.de\/index.php?rest_route=\/wp\/v2\/users\/1"}],"replies":[{"embeddable":true,"href":"https:\/\/ready2learn.de\/index.php?rest_route=%2Fwp%2Fv2%2Fcomments&post=690"}],"version-history":[{"count":20,"href":"https:\/\/ready2learn.de\/index.php?rest_route=\/wp\/v2\/pages\/690\/revisions"}],"predecessor-version":[{"id":800,"href":"https:\/\/ready2learn.de\/index.php?rest_route=\/wp\/v2\/pages\/690\/revisions\/800"}],"wp:attachment":[{"href":"https:\/\/ready2learn.de\/index.php?rest_route=%2Fwp%2Fv2%2Fmedia&parent=690"}],"curies":[{"name":"wp","href":"https:\/\/api.w.org\/{rel}","templated":true}]}}