{"id":293,"date":"2020-03-18T13:54:03","date_gmt":"2020-03-18T13:54:03","guid":{"rendered":"http:\/\/ready2learn.de\/?page_id=293"},"modified":"2020-05-25T14:43:57","modified_gmt":"2020-05-25T14:43:57","slug":"deutsch_uebungen","status":"publish","type":"page","link":"https:\/\/ready2learn.de\/?page_id=293","title":{"rendered":"Deutsch_\u00dcbungen"},"content":{"rendered":"\n<p class=\"has-text-color has-luminous-vivid-orange-color\"><em>Noch in Bearbeitung<\/em><\/p>\n\n\n\n<div class=\"wp-block-media-text alignwide is-stacked-on-mobile\" style=\"grid-template-columns:15% auto\"><figure class=\"wp-block-media-text__media\"><img loading=\"lazy\" decoding=\"async\" width=\"199\" height=\"198\" src=\"http:\/\/ready2learn.de\/wp-content\/uploads\/2020\/03\/LesenEule-1.jpg\" alt=\"\" class=\"wp-image-202\" srcset=\"https:\/\/ready2learn.de\/wp-content\/uploads\/2020\/03\/LesenEule-1.jpg 199w, https:\/\/ready2learn.de\/wp-content\/uploads\/2020\/03\/LesenEule-1-150x150.jpg 150w, https:\/\/ready2learn.de\/wp-content\/uploads\/2020\/03\/LesenEule-1-186x185.jpg 186w, https:\/\/ready2learn.de\/wp-content\/uploads\/2020\/03\/LesenEule-1-60x60.jpg 60w\" sizes=\"auto, (max-width: 199px) 100vw, 199px\" \/><\/figure><div class=\"wp-block-media-text__content\">\n<p class=\"has-normal-font-size\"><strong>Hier finden Sie PDF&#8217;s, interaktive Arbeitsbl\u00e4tter, Links zu Lese- und Schreibspielen und einiges mehr.<\/strong><\/p>\n<\/div><\/div>\n\n\n\n<p><\/p>\n\n\n\n<div class=\"wp-block-media-text alignwide is-stacked-on-mobile\" style=\"grid-template-columns:48% auto\"><figure class=\"wp-block-media-text__media\"><a href=\"http:\/\/ready2learn.de\/?page_id=42\"><img loading=\"lazy\" decoding=\"async\" width=\"1024\" height=\"538\" src=\"http:\/\/ready2learn.de\/wp-content\/uploads\/2020\/05\/Anleitung_Go-1024x538.jpg\" alt=\"\" class=\"wp-image-924\" srcset=\"https:\/\/ready2learn.de\/wp-content\/uploads\/2020\/05\/Anleitung_Go-1024x538.jpg 1024w, https:\/\/ready2learn.de\/wp-content\/uploads\/2020\/05\/Anleitung_Go-300x158.jpg 300w, https:\/\/ready2learn.de\/wp-content\/uploads\/2020\/05\/Anleitung_Go-768x404.jpg 768w, https:\/\/ready2learn.de\/wp-content\/uploads\/2020\/05\/Anleitung_Go.jpg 1138w\" sizes=\"auto, (max-width: 1024px) 100vw, 1024px\" \/><\/a><\/figure><div class=\"wp-block-media-text__content\">\n<p class=\"has-normal-font-size\"><a href=\"http:\/\/ready2learn.de\/?page_id=42\">Anleitung zum Benutzen der App Worksheet Go! PDF<\/a><\/p>\n<\/div><\/div>\n\n\n\n<p><\/p>\n\n\n\n<h4 class=\"wp-block-heading\"><strong>\u00dcbungen ab dem 1. Grundschuljahr:<\/strong><\/h4>\n\n\n\n<p class=\"has-text-color has-luminous-vivid-orange-color\">In Bearbeitung!<\/p>\n\n\n\n<p><strong>Interaktive Arbeitsbl\u00e4tter f\u00fcr die App&nbsp;<a href=\"http:\/\/ready2learn.de\/?page_id=42\">Worksheet Go!&nbsp;<\/a><\/strong><\/p>\n\n\n\n<div class=\"wp-block-media-text alignwide is-stacked-on-mobile\"><figure class=\"wp-block-media-text__media\"><img loading=\"lazy\" decoding=\"async\" width=\"1024\" height=\"409\" src=\"http:\/\/ready2learn.de\/wp-content\/uploads\/2020\/04\/WortWolkenQR_G-1024x409.jpg\" alt=\"\" class=\"wp-image-844\" srcset=\"https:\/\/ready2learn.de\/wp-content\/uploads\/2020\/04\/WortWolkenQR_G-1024x409.jpg 1024w, https:\/\/ready2learn.de\/wp-content\/uploads\/2020\/04\/WortWolkenQR_G-300x120.jpg 300w, https:\/\/ready2learn.de\/wp-content\/uploads\/2020\/04\/WortWolkenQR_G-768x306.jpg 768w, https:\/\/ready2learn.de\/wp-content\/uploads\/2020\/04\/WortWolkenQR_G-1536x613.jpg 1536w, https:\/\/ready2learn.de\/wp-content\/uploads\/2020\/04\/WortWolkenQR_G.jpg 1589w\" sizes=\"auto, (max-width: 1024px) 100vw, 1024px\" \/><\/figure><div class=\"wp-block-media-text__content\">\n<p class=\"has-normal-font-size\">Wortwolken: Hier sind die Buchstaben durcheinander gepurzelt, welche Worte werden gesucht?<\/p>\n<\/div><\/div>\n\n\n\n<p><\/p>\n\n\n\n<p><strong>Arbeitsbl\u00e4tter:<\/strong><\/p>\n\n\n\n<p><a href=\"http:\/\/ready2learn.de\/wp-content\/uploads\/2020\/04\/WortWolken1PDF.pdf\" target=\"_blank\" rel=\"noreferrer noopener\">Wortwolken.pdf<\/a><\/p>\n\n\n\n<p><\/p>\n\n\n\n<h4 class=\"wp-block-heading\"><strong>\u00dcbungen ab dem 2. Grundschuljahr:<\/strong><\/h4>\n\n\n\n<p class=\"has-text-color has-luminous-vivid-orange-color\">In Bearbeitung!<\/p>\n\n\n\n<p><strong>Interaktive Arbeitsbl\u00e4tter f\u00fcr die App&nbsp;<a href=\"http:\/\/ready2learn.de\/?page_id=42\">Worksheet Go!&nbsp;<\/a><\/strong><\/p>\n\n\n\n<p><\/p>\n\n\n\n<div class=\"wp-block-media-text alignwide is-stacked-on-mobile\" style=\"grid-template-columns:48% auto\"><figure class=\"wp-block-media-text__media\"><img loading=\"lazy\" decoding=\"async\" width=\"1024\" height=\"436\" src=\"http:\/\/ready2learn.de\/wp-content\/uploads\/2020\/05\/Eulenpost-D_oder_T_QR-1024x436.jpg\" alt=\"\" class=\"wp-image-920\" srcset=\"https:\/\/ready2learn.de\/wp-content\/uploads\/2020\/05\/Eulenpost-D_oder_T_QR-1024x436.jpg 1024w, https:\/\/ready2learn.de\/wp-content\/uploads\/2020\/05\/Eulenpost-D_oder_T_QR-300x128.jpg 300w, https:\/\/ready2learn.de\/wp-content\/uploads\/2020\/05\/Eulenpost-D_oder_T_QR-768x327.jpg 768w, https:\/\/ready2learn.de\/wp-content\/uploads\/2020\/05\/Eulenpost-D_oder_T_QR-1536x654.jpg 1536w, https:\/\/ready2learn.de\/wp-content\/uploads\/2020\/05\/Eulenpost-D_oder_T_QR-2048x872.jpg 2048w\" sizes=\"auto, (max-width: 1024px) 100vw, 1024px\" \/><\/figure><div class=\"wp-block-media-text__content\">\n<p class=\"has-normal-font-size\">\u00dcbung zur Unterscheidung von &#8222;d&#8220; und &#8222;t&#8220;.<\/p>\n<\/div><\/div>\n\n\n\n<p><strong>Arbeitsbl\u00e4tter:<\/strong><\/p>\n\n\n\n<div class=\"wp-block-media-text alignwide is-stacked-on-mobile\" style=\"grid-template-columns:15% auto\"><figure class=\"wp-block-media-text__media\"><a href=\"http:\/\/ready2learn.de\/wp-content\/uploads\/2020\/04\/Monster_Wer_bin_ich.png\" target=\"_blank\" rel=\"noopener noreferrer\"><img loading=\"lazy\" decoding=\"async\" width=\"1024\" height=\"552\" src=\"http:\/\/ready2learn.de\/wp-content\/uploads\/2020\/04\/Monster_Wer_bin_ich-1-1024x552.png\" alt=\"\" class=\"wp-image-875\" srcset=\"https:\/\/ready2learn.de\/wp-content\/uploads\/2020\/04\/Monster_Wer_bin_ich-1-1024x552.png 1024w, https:\/\/ready2learn.de\/wp-content\/uploads\/2020\/04\/Monster_Wer_bin_ich-1-300x162.png 300w, https:\/\/ready2learn.de\/wp-content\/uploads\/2020\/04\/Monster_Wer_bin_ich-1-768x414.png 768w, https:\/\/ready2learn.de\/wp-content\/uploads\/2020\/04\/Monster_Wer_bin_ich-1-1536x828.png 1536w, https:\/\/ready2learn.de\/wp-content\/uploads\/2020\/04\/Monster_Wer_bin_ich-1.png 1932w\" sizes=\"auto, (max-width: 1024px) 100vw, 1024px\" \/><\/a><\/figure><div class=\"wp-block-media-text__content\">\n<p class=\"has-normal-font-size\"><a href=\"http:\/\/ready2learn.de\/wp-content\/uploads\/2020\/04\/Monster_Wer_bin_ich-1.pdf\" target=\"_blank\" rel=\"noreferrer noopener\">Wer_bin_ich.pdf<\/a><\/p>\n<\/div><\/div>\n\n\n\n<p><\/p>\n\n\n\n<p><\/p>\n\n\n\n<h4 class=\"wp-block-heading\"><strong>\u00dcbungen ab dem 3. Grundschuljahr:<\/strong><\/h4>\n\n\n\n<p class=\"has-text-color has-luminous-vivid-orange-color\">In Bearbeitung!<\/p>\n\n\n\n<p><strong>Interaktive Arbeitsbl\u00e4tter f\u00fcr die App&nbsp;<a href=\"http:\/\/ready2learn.de\/?page_id=42\">Worksheet Go!&nbsp;<\/a><\/strong><\/p>\n\n\n\n<p><strong>Arbeitsbl\u00e4tter:<\/strong><\/p>\n\n\n\n<p><\/p>\n\n\n\n<h4 class=\"wp-block-heading\"><strong>\u00dcbungen ab dem 4. Grundschuljahr:<\/strong><\/h4>\n\n\n\n<p class=\"has-text-color has-luminous-vivid-orange-color\">In Bearbeitung!<\/p>\n\n\n\n<p><strong>Interaktive Arbeitsbl\u00e4tter f\u00fcr die App&nbsp;<a href=\"http:\/\/ready2learn.de\/?page_id=42\">Worksheet Go!&nbsp;<\/a><\/strong><\/p>\n\n\n\n<p><strong>Arbeitsbl\u00e4tter:<\/strong><\/p>\n\n\n\n<p><\/p>\n\n\n\n<figure class=\"wp-block-embed-wordpress wp-block-embed is-type-wp-embed is-provider-ready-2-learn\"><div class=\"wp-block-embed__wrapper\">\n<blockquote class=\"wp-embedded-content\" data-secret=\"WnRIYho23v\"><a href=\"http:\/\/ready2learn.de\/?page_id=451\">Nutzung der Materialien<\/a><\/blockquote><iframe loading=\"lazy\" title=\"&#8222;Nutzung der Materialien&#8220; &#8212; ready2learn\" class=\"wp-embedded-content\" sandbox=\"allow-scripts\" security=\"restricted\" style=\"position: absolute; clip: rect(1px, 1px, 1px, 1px);\" src=\"http:\/\/ready2learn.de\/?page_id=451&#038;embed=true#?secret=WnRIYho23v\" data-secret=\"WnRIYho23v\" width=\"600\" height=\"338\" frameborder=\"0\" marginwidth=\"0\" marginheight=\"0\" scrolling=\"no\"><\/iframe>\n<\/div><\/figure>\n\n\n\n<p><\/p>\n","protected":false},"excerpt":{"rendered":"<p>Noch in Bearbeitung Hier finden Sie PDF&#8217;s, interaktive Arbeitsbl\u00e4tter, Links zu Lese- und Schreibspielen und einiges mehr. Anleitung zum Benutzen der App Worksheet Go! PDF \u00dcbungen ab dem 1. Grundschuljahr: In Bearbeitung! Interaktive Arbeitsbl\u00e4tter f\u00fcr die App&nbsp;Worksheet Go!&nbsp; Wortwolken: Hier &hellip; <\/p>\n","protected":false},"author":1,"featured_media":0,"parent":0,"menu_order":0,"comment_status":"closed","ping_status":"closed","template":"","meta":{"footnotes":""},"class_list":["post-293","page","type-page","status-publish","hentry"],"_links":{"self":[{"href":"https:\/\/ready2learn.de\/index.php?rest_route=\/wp\/v2\/pages\/293","targetHints":{"allow":["GET"]}}],"collection":[{"href":"https:\/\/ready2learn.de\/index.php?rest_route=\/wp\/v2\/pages"}],"about":[{"href":"https:\/\/ready2learn.de\/index.php?rest_route=\/wp\/v2\/types\/page"}],"author":[{"embeddable":true,"href":"https:\/\/ready2learn.de\/index.php?rest_route=\/wp\/v2\/users\/1"}],"replies":[{"embeddable":true,"href":"https:\/\/ready2learn.de\/index.php?rest_route=%2Fwp%2Fv2%2Fcomments&post=293"}],"version-history":[{"count":23,"href":"https:\/\/ready2learn.de\/index.php?rest_route=\/wp\/v2\/pages\/293\/revisions"}],"predecessor-version":[{"id":925,"href":"https:\/\/ready2learn.de\/index.php?rest_route=\/wp\/v2\/pages\/293\/revisions\/925"}],"wp:attachment":[{"href":"https:\/\/ready2learn.de\/index.php?rest_route=%2Fwp%2Fv2%2Fmedia&parent=293"}],"curies":[{"name":"wp","href":"https:\/\/api.w.org\/{rel}","templated":true}]}}