{"id":221,"date":"2020-03-17T19:13:17","date_gmt":"2020-03-17T19:13:17","guid":{"rendered":"http:\/\/ready2learn.de\/?page_id=221"},"modified":"2020-06-01T12:02:36","modified_gmt":"2020-06-01T12:02:36","slug":"akustik","status":"publish","type":"page","link":"https:\/\/ready2learn.de\/?page_id=221","title":{"rendered":"Akustik"},"content":{"rendered":"\n<p class=\"has-text-color has-luminous-vivid-orange-color\"><em>Noch in Bearbeitung<\/em><\/p>\n\n\n\n<div class=\"wp-block-media-text alignwide is-stacked-on-mobile\" style=\"grid-template-columns:15% auto\"><figure class=\"wp-block-media-text__media\"><img loading=\"lazy\" decoding=\"async\" width=\"451\" height=\"456\" src=\"http:\/\/ready2learn.de\/wp-content\/uploads\/2020\/04\/ADEule.jpg\" alt=\"\" class=\"wp-image-910\" srcset=\"https:\/\/ready2learn.de\/wp-content\/uploads\/2020\/04\/ADEule.jpg 451w, https:\/\/ready2learn.de\/wp-content\/uploads\/2020\/04\/ADEule-297x300.jpg 297w, https:\/\/ready2learn.de\/wp-content\/uploads\/2020\/04\/ADEule-60x60.jpg 60w\" sizes=\"auto, (max-width: 451px) 100vw, 451px\" \/><\/figure><div class=\"wp-block-media-text__content\">\n<h5 class=\"wp-block-heading\"><strong>Akustische Differenzierung<\/strong><\/h5>\n\n\n\n<p><strong>(F\u00e4higkeit, Gleiches von Ungleichem zu unterscheiden &#8211; z.B. Unterschied zwischen \u201cb\u201d und \u201cp\u201d zu h\u00f6ren)<\/strong><\/p>\n<\/div><\/div>\n\n\n\n<figure class=\"wp-block-table is-style-stripes\"><table><thead><tr><th class=\"has-text-align-left\" data-align=\"left\"><\/th><\/tr><\/thead><tbody><tr><td class=\"has-text-align-left\" data-align=\"left\">Das Wesentliche aus dem Geh\u00f6rten kann nicht erfasst werden<\/td><\/tr><tr><td class=\"has-text-align-left\" data-align=\"left\">Die Entscheidung, ob das Geh\u00f6rte gleich oder ungleich ist, f\u00e4llt schwer<\/td><\/tr><tr><td class=\"has-text-align-left\" data-align=\"left\">Ein Laut wird dem falschen Buchstaben zugeordnet o Das Herausl\u00f6sen eines Buchstabens in einem Wort funktioniert nicht<\/td><\/tr><tr><td class=\"has-text-align-left\" data-align=\"left\">\u00c4hnlich klingende Laute, W\u00f6rter oder Zahlen k\u00f6nnen nicht unterschieden werden bzw. werden verwechselt o Unterscheidung von stimmhaften und stimmlosen Konsonanten f\u00e4llt schwer: g-k, b-p, d-t, s-z, f-v<\/td><\/tr><tr><td class=\"has-text-align-left\" data-align=\"left\">Unterscheidung von Zwie- und Umlauten f\u00e4llt schwer: ei-eu, eu-au, eu-\u00f6<\/td><\/tr><tr><td class=\"has-text-align-left\" data-align=\"left\">Verwechslung von Dehnung und Sch\u00e4rfung<\/td><\/tr><tr><td class=\"has-text-align-left\" data-align=\"left\">Schwierigkeiten beim Unterscheiden von m und n, z.B. von 3. und 4. Fall<\/td><\/tr><tr><td class=\"has-text-align-left\" data-align=\"left\">Schwierigkeiten beim Nachsagen von gleichen oder \u00e4hnlichen W\u00f6rtern<\/td><\/tr><tr><td class=\"has-text-align-left\" data-align=\"left\">Schwierigkeiten beim Nachsagen von unbekannten W\u00f6rtern<\/td><\/tr><tr><td class=\"has-text-align-left\" data-align=\"left\">Schwierigkeiten beim \u00dcbertragen von nacheinander geh\u00f6rten W\u00f6rtern<\/td><\/tr><\/tbody><\/table><\/figure>\n\n\n\n<h4 class=\"wp-block-heading\"><strong>\u00dcbungen<\/strong>:<\/h4>\n\n\n\n<div class=\"wp-block-media-text alignwide is-stacked-on-mobile\" style=\"grid-template-columns:15% auto\"><figure class=\"wp-block-media-text__media\"><img loading=\"lazy\" decoding=\"async\" width=\"1024\" height=\"538\" src=\"http:\/\/ready2learn.de\/wp-content\/uploads\/2020\/06\/Go_Logo-1024x538.png\" alt=\"\" class=\"wp-image-955\" srcset=\"https:\/\/ready2learn.de\/wp-content\/uploads\/2020\/06\/Go_Logo-1024x538.png 1024w, https:\/\/ready2learn.de\/wp-content\/uploads\/2020\/06\/Go_Logo-300x158.png 300w, https:\/\/ready2learn.de\/wp-content\/uploads\/2020\/06\/Go_Logo-768x403.png 768w, https:\/\/ready2learn.de\/wp-content\/uploads\/2020\/06\/Go_Logo.png 1200w\" sizes=\"auto, (max-width: 1024px) 100vw, 1024px\" \/><\/figure><div class=\"wp-block-media-text__content\">\n<p class=\"has-normal-font-size\">interaktive \u00dcbungen mit worksheetGo!<\/p>\n<\/div><\/div>\n\n\n\n<p class=\"has-text-color has-vivid-red-color\"><em>Noch in Bearbeitung<\/em><\/p>\n\n\n\n<h4 class=\"wp-block-heading\">PDF&#8217;s<\/h4>\n\n\n\n<div class=\"wp-block-media-text alignwide is-stacked-on-mobile\" style=\"grid-template-columns:22% auto\"><figure class=\"wp-block-media-text__media\"><a href=\"http:\/\/ready2learn.de\/wp-content\/uploads\/2020\/05\/AD_Laute_heraus_h\u00f6ren.pdf\" target=\"_blank\" rel=\"noopener noreferrer\"><img loading=\"lazy\" decoding=\"async\" width=\"838\" height=\"882\" src=\"http:\/\/ready2learn.de\/wp-content\/uploads\/2020\/05\/lauteh\u00f6ren.jpg\" alt=\"\" class=\"wp-image-937\" srcset=\"https:\/\/ready2learn.de\/wp-content\/uploads\/2020\/05\/lauteh\u00f6ren.jpg 838w, https:\/\/ready2learn.de\/wp-content\/uploads\/2020\/05\/lauteh\u00f6ren-285x300.jpg 285w, https:\/\/ready2learn.de\/wp-content\/uploads\/2020\/05\/lauteh\u00f6ren-768x808.jpg 768w\" sizes=\"auto, (max-width: 838px) 100vw, 838px\" \/><\/a><\/figure><div class=\"wp-block-media-text__content\">\n<p class=\"has-normal-font-size\"><a href=\"http:\/\/ready2learn.de\/wp-content\/uploads\/2020\/05\/AD_Laute_heraus_h\u00f6ren.pdf\" target=\"_blank\" rel=\"noreferrer noopener\">Laute h\u00f6ren<\/a><\/p>\n<\/div><\/div>\n\n\n\n<p><\/p>\n\n\n\n<div class=\"wp-block-media-text alignwide is-stacked-on-mobile\" style=\"grid-template-columns:15% auto\"><figure class=\"wp-block-media-text__media\"><img loading=\"lazy\" decoding=\"async\" width=\"451\" height=\"456\" src=\"http:\/\/ready2learn.de\/wp-content\/uploads\/2020\/04\/AGEule-2.jpg\" alt=\"\" class=\"wp-image-909\" srcset=\"https:\/\/ready2learn.de\/wp-content\/uploads\/2020\/04\/AGEule-2.jpg 451w, https:\/\/ready2learn.de\/wp-content\/uploads\/2020\/04\/AGEule-2-297x300.jpg 297w, https:\/\/ready2learn.de\/wp-content\/uploads\/2020\/04\/AGEule-2-60x60.jpg 60w\" sizes=\"auto, (max-width: 451px) 100vw, 451px\" \/><\/figure><div class=\"wp-block-media-text__content\">\n<h5 class=\"wp-block-heading\"><strong>Akustisches Ged\u00e4chtnis<\/strong><\/h5>\n\n\n\n<p><strong>(F\u00e4higkeit, sich Geh\u00f6rtes zu merken, abzuspeichern und wenn n\u00f6tig, wiederzugeben &#8211; z.B. sich merken welche Worte in einem Satz sind)<\/strong><\/p>\n<\/div><\/div>\n\n\n\n<p><\/p>\n\n\n\n<figure class=\"wp-block-table is-style-stripes\"><table><thead><tr><th><\/th><\/tr><\/thead><tbody><tr><td>Kann sich Geh\u00f6rtes nicht merken und wiedergeben<\/td><\/tr><tr><td>H\u00e4ufiges Nachfragen bei Ansagen<\/td><\/tr><tr><td>Auslassen oder Hinzuf\u00fcgen von Buchstaben, Silben oder W\u00f6rtern<\/td><\/tr><tr><td>Nicht fertig Werden mit der Ansage<\/td><\/tr><tr><td>Versteht Geh\u00f6rtes schwer<\/td><\/tr><tr><td>Fehler bei b\/p, d\/t, g\/k<\/td><\/tr><tr><td>D\u00fcrftiger Wortschatz, h\u00e4ufige Wortwiederholungen<\/td><\/tr><tr><td>Kurze Aufs\u00e4tze mit d\u00fcrftigem Inhalt<\/td><\/tr><tr><td>S\u00e4tze vorsagen<\/td><\/tr><tr><td>Auslassen von Teilen m\u00fcndlich gestellter Rechenaufgaben<\/td><\/tr><tr><td>Mitartikulieren, Vorsagen des angesagten Textes oder der Rechenaufgabe<\/td><\/tr><\/tbody><\/table><\/figure>\n\n\n\n<h4 class=\"wp-block-heading\"><strong>\u00dcbungen<\/strong>:<\/h4>\n\n\n\n<div class=\"wp-block-media-text alignwide is-stacked-on-mobile\" style=\"grid-template-columns:15% auto\"><figure class=\"wp-block-media-text__media\"><img loading=\"lazy\" decoding=\"async\" width=\"1024\" height=\"538\" src=\"http:\/\/ready2learn.de\/wp-content\/uploads\/2020\/06\/Go_Logo-1024x538.png\" alt=\"\" class=\"wp-image-955\" srcset=\"https:\/\/ready2learn.de\/wp-content\/uploads\/2020\/06\/Go_Logo-1024x538.png 1024w, https:\/\/ready2learn.de\/wp-content\/uploads\/2020\/06\/Go_Logo-300x158.png 300w, https:\/\/ready2learn.de\/wp-content\/uploads\/2020\/06\/Go_Logo-768x403.png 768w, https:\/\/ready2learn.de\/wp-content\/uploads\/2020\/06\/Go_Logo.png 1200w\" sizes=\"auto, (max-width: 1024px) 100vw, 1024px\" \/><\/figure><div class=\"wp-block-media-text__content\">\n<p class=\"has-normal-font-size\">interaktive \u00dcbungen mit worksheetGo!<\/p>\n<\/div><\/div>\n\n\n\n<p class=\"has-text-color has-vivid-red-color\"><em>Noch in Bearbeitung<\/em><\/p>\n\n\n\n<h4 class=\"wp-block-heading\">PDF&#8217;s<\/h4>\n\n\n\n<p class=\"has-text-color has-vivid-red-color\"><em>Noch in Bearbeitung<\/em><\/p>\n\n\n\n<div class=\"wp-block-media-text alignwide is-stacked-on-mobile\" style=\"grid-template-columns:15% auto\"><figure class=\"wp-block-media-text__media\"><img loading=\"lazy\" decoding=\"async\" width=\"451\" height=\"456\" src=\"http:\/\/ready2learn.de\/wp-content\/uploads\/2020\/04\/ASEule-1.jpg\" alt=\"\" class=\"wp-image-908\" srcset=\"https:\/\/ready2learn.de\/wp-content\/uploads\/2020\/04\/ASEule-1.jpg 451w, https:\/\/ready2learn.de\/wp-content\/uploads\/2020\/04\/ASEule-1-297x300.jpg 297w, https:\/\/ready2learn.de\/wp-content\/uploads\/2020\/04\/ASEule-1-60x60.jpg 60w\" sizes=\"auto, (max-width: 451px) 100vw, 451px\" \/><\/figure><div class=\"wp-block-media-text__content\">\n<p><strong>Akustische Serialit\u00e4t<\/strong><\/p>\n<\/div><\/div>\n\n\n\n<figure class=\"wp-block-table is-style-stripes\"><table><thead><tr><th class=\"has-text-align-left\" data-align=\"left\"><strong>F\u00e4higkeit, Geh\u00f6rtes der Reihe nach ordnen zu k\u00f6nnen (z.B. die Abfolge von Lauten in einem Wort )<\/strong><\/th><\/tr><\/thead><tbody><tr><td class=\"has-text-align-left\" data-align=\"left\">Akustische Reihenfolgen k\u00f6nnen nicht richtig wahrgenommen werden<\/td><\/tr><tr><td class=\"has-text-align-left\" data-align=\"left\">Erz\u00e4hlt durcheinander und verliert leicht den Faden<\/td><\/tr><tr><td class=\"has-text-align-left\" data-align=\"left\">Schwierigkeiten beim Sprechen eines Satzes in der richtigen Wortstellung und auch in der richtigen Reihung der Gedanken<\/td><\/tr><tr><td class=\"has-text-align-left\" data-align=\"left\">Schwierigkeiten, beim Erz\u00e4hlen nicht in Nebens\u00e4chlichkeiten abzugleiten<\/td><\/tr><tr><td class=\"has-text-align-left\" data-align=\"left\">Stockendes, abgehacktes Sprechen bei unharmonischer Atmung<\/td><\/tr><\/tbody><\/table><\/figure>\n\n\n\n<h4 class=\"wp-block-heading\"><strong>\u00dcbungen<\/strong>:<\/h4>\n\n\n\n<div class=\"wp-block-media-text alignwide is-stacked-on-mobile\" style=\"grid-template-columns:15% auto\"><figure class=\"wp-block-media-text__media\"><img loading=\"lazy\" decoding=\"async\" width=\"1024\" height=\"538\" src=\"http:\/\/ready2learn.de\/wp-content\/uploads\/2020\/06\/Go_Logo-1024x538.png\" alt=\"\" class=\"wp-image-955\" srcset=\"https:\/\/ready2learn.de\/wp-content\/uploads\/2020\/06\/Go_Logo-1024x538.png 1024w, https:\/\/ready2learn.de\/wp-content\/uploads\/2020\/06\/Go_Logo-300x158.png 300w, https:\/\/ready2learn.de\/wp-content\/uploads\/2020\/06\/Go_Logo-768x403.png 768w, https:\/\/ready2learn.de\/wp-content\/uploads\/2020\/06\/Go_Logo.png 1200w\" sizes=\"auto, (max-width: 1024px) 100vw, 1024px\" \/><\/figure><div class=\"wp-block-media-text__content\">\n<p class=\"has-medium-font-size\">interaktive \u00dcbungen mit worksheetGo!<\/p>\n<\/div><\/div>\n\n\n\n<figure class=\"wp-block-image size-large is-resized is-style-default\"><img loading=\"lazy\" decoding=\"async\" src=\"http:\/\/ready2learn.de\/wp-content\/uploads\/2020\/06\/AS_Reihenfolgen.jpg\" alt=\"\" class=\"wp-image-953\" width=\"492\" height=\"266\" srcset=\"https:\/\/ready2learn.de\/wp-content\/uploads\/2020\/06\/AS_Reihenfolgen.jpg 690w, https:\/\/ready2learn.de\/wp-content\/uploads\/2020\/06\/AS_Reihenfolgen-300x163.jpg 300w\" sizes=\"auto, (max-width: 492px) 100vw, 492px\" \/><\/figure>\n\n\n\n<p>PDF&#8217;s<\/p>\n\n\n\n<div class=\"wp-block-media-text alignwide is-stacked-on-mobile\" style=\"grid-template-columns:31% auto\"><figure class=\"wp-block-media-text__media\"><img loading=\"lazy\" decoding=\"async\" width=\"790\" height=\"452\" src=\"http:\/\/ready2learn.de\/wp-content\/uploads\/2020\/06\/AS_Reihenfolgen_oB.png\" alt=\"\" class=\"wp-image-960\" srcset=\"https:\/\/ready2learn.de\/wp-content\/uploads\/2020\/06\/AS_Reihenfolgen_oB.png 790w, https:\/\/ready2learn.de\/wp-content\/uploads\/2020\/06\/AS_Reihenfolgen_oB-300x172.png 300w, https:\/\/ready2learn.de\/wp-content\/uploads\/2020\/06\/AS_Reihenfolgen_oB-768x439.png 768w\" sizes=\"auto, (max-width: 790px) 100vw, 790px\" \/><\/figure><div class=\"wp-block-media-text__content\">\n<p class=\"has-normal-font-size\"><a href=\"http:\/\/ready2learn.de\/wp-content\/uploads\/2020\/06\/AS_Reihenfolge-1.pdf\">AS_Reihenfolge.pdf<\/a><\/p>\n<\/div><\/div>\n\n\n\n<p><\/p>\n","protected":false},"excerpt":{"rendered":"<p>Noch in Bearbeitung Akustische Differenzierung (F\u00e4higkeit, Gleiches von Ungleichem zu unterscheiden &#8211; z.B. Unterschied zwischen \u201cb\u201d und \u201cp\u201d zu h\u00f6ren) Das Wesentliche aus dem Geh\u00f6rten kann nicht erfasst werden Die Entscheidung, ob das Geh\u00f6rte gleich oder ungleich ist, f\u00e4llt schwer &hellip; <\/p>\n","protected":false},"author":1,"featured_media":0,"parent":0,"menu_order":0,"comment_status":"closed","ping_status":"closed","template":"","meta":{"footnotes":""},"class_list":["post-221","page","type-page","status-publish","hentry"],"_links":{"self":[{"href":"https:\/\/ready2learn.de\/index.php?rest_route=\/wp\/v2\/pages\/221","targetHints":{"allow":["GET"]}}],"collection":[{"href":"https:\/\/ready2learn.de\/index.php?rest_route=\/wp\/v2\/pages"}],"about":[{"href":"https:\/\/ready2learn.de\/index.php?rest_route=\/wp\/v2\/types\/page"}],"author":[{"embeddable":true,"href":"https:\/\/ready2learn.de\/index.php?rest_route=\/wp\/v2\/users\/1"}],"replies":[{"embeddable":true,"href":"https:\/\/ready2learn.de\/index.php?rest_route=%2Fwp%2Fv2%2Fcomments&post=221"}],"version-history":[{"count":21,"href":"https:\/\/ready2learn.de\/index.php?rest_route=\/wp\/v2\/pages\/221\/revisions"}],"predecessor-version":[{"id":969,"href":"https:\/\/ready2learn.de\/index.php?rest_route=\/wp\/v2\/pages\/221\/revisions\/969"}],"wp:attachment":[{"href":"https:\/\/ready2learn.de\/index.php?rest_route=%2Fwp%2Fv2%2Fmedia&parent=221"}],"curies":[{"name":"wp","href":"https:\/\/api.w.org\/{rel}","templated":true}]}}