{"id":218,"date":"2020-03-17T19:13:06","date_gmt":"2020-03-17T19:13:06","guid":{"rendered":"http:\/\/ready2learn.de\/?page_id=218"},"modified":"2020-05-25T16:53:12","modified_gmt":"2020-05-25T16:53:12","slug":"optik","status":"publish","type":"page","link":"http:\/\/ready2learn.de\/?page_id=218","title":{"rendered":"Optik"},"content":{"rendered":"\n<div class=\"wp-block-media-text alignwide\" style=\"grid-template-columns:15% auto\"><figure class=\"wp-block-media-text__media\"><img loading=\"lazy\" decoding=\"async\" width=\"451\" height=\"456\" src=\"http:\/\/ready2learn.de\/wp-content\/uploads\/2020\/04\/ODEule.jpg\" alt=\"\" class=\"wp-image-905\" srcset=\"http:\/\/ready2learn.de\/wp-content\/uploads\/2020\/04\/ODEule.jpg 451w, http:\/\/ready2learn.de\/wp-content\/uploads\/2020\/04\/ODEule-297x300.jpg 297w, http:\/\/ready2learn.de\/wp-content\/uploads\/2020\/04\/ODEule-60x60.jpg 60w\" sizes=\"auto, (max-width: 451px) 100vw, 451px\" \/><\/figure><div class=\"wp-block-media-text__content\">\n<p class=\"has-normal-font-size\"><strong>Optische Differenzierung:<\/strong><br>(F\u00e4higkeit, Gleiches von Ungleichem zu unterscheiden &#8211; z.B. Unterschied zwischen \u201ca\u201d und \u201co\u201d oder zwischen \u201ch\u201d und \u201ck\u201d sehen)<\/p>\n<\/div><\/div>\n\n\n\n<figure class=\"wp-block-table is-style-stripes\"><table><thead><tr><th class=\"has-text-align-left\" data-align=\"left\">Wenn das Kind mehrere Auff\u00e4lligkeiten in den folgenden Bereichen zeigt, dann sollte man dieses Sinneswahrnehmungsgebiet trainieren:<\/th><\/tr><\/thead><tbody><tr><td class=\"has-text-align-left\" data-align=\"left\">Das Wesentliche aus dem Gesehenen kann nicht erfasst werden<\/td><\/tr><tr><td class=\"has-text-align-left\" data-align=\"left\">Optisch \u00e4hnliche Dinge werden nicht als ungleich erkannt<\/td><\/tr><tr><td class=\"has-text-align-left\" data-align=\"left\">Das Erkennen wichtiger Informationen aus einer F\u00fclle von Reizen gelingt nicht<\/td><\/tr><tr><td class=\"has-text-align-left\" data-align=\"left\">Die F\u00e4higkeit fehlt, etwas aus dem Hintergrund herauszufiltern<\/td><\/tr><tr><td class=\"has-text-align-left\" data-align=\"left\">Das Kind muss alles angreifen, um zu begreifen<\/td><\/tr><tr><td class=\"has-text-align-left\" data-align=\"left\">Schwierigkeiten bei Farb- und Formunterscheidungen<\/td><\/tr><tr><td class=\"has-text-align-left\" data-align=\"left\">Das Schreiben und Erkennen der Buchstaben ist schwierig<\/td><\/tr><tr><td class=\"has-text-align-left\" data-align=\"left\">Die Schrift ist schlecht leserlich und unordentlich<\/td><\/tr><tr><td class=\"has-text-align-left\" data-align=\"left\">Uneinheitliche Gr\u00f6\u00dfe der Buchstaben<\/td><\/tr><tr><td class=\"has-text-align-left\" data-align=\"left\">Ungenaue Formwiedergabe der Buchstaben und Ziffern o Verwechslung von Buchstaben, die sich durch ihre Lage unterscheiden (d\/b, u\/n)<\/td><\/tr><tr><td class=\"has-text-align-left\" data-align=\"left\">Die Unterscheidung von \u00e4hnlich aussehenden Buchstaben, Rechenzeichen und Ziffern (h-k, a-o, 7-4, 6-5) f\u00e4llt schwer<\/td><\/tr><tr><td class=\"has-text-align-left\" data-align=\"left\">Seitenverkehrtes Lesen oder Schreiben von Ziffern, z.B. 6 und 9<\/td><\/tr><tr><td class=\"has-text-align-left\" data-align=\"left\">Vermehrt passieren Abschreibfehler<\/td><\/tr><tr><td class=\"has-text-align-left\" data-align=\"left\">Schwierigkeiten beim Mengenerfassen<\/td><\/tr><tr><td class=\"has-text-align-left\" data-align=\"left\">Auslassen von Buchstaben oder Ziffern<\/td><\/tr><tr><td class=\"has-text-align-left\" data-align=\"left\">Schwierigkeiten bei der Zehner\u00fcberschreitung<\/td><\/tr><tr><td class=\"has-text-align-left\" data-align=\"left\">Schwierigkeiten bei zusammengesetzten Rechenaufgaben<\/td><\/tr><tr><td class=\"has-text-align-left\" data-align=\"left\">Schwierigkeiten bei der Gliederung von Textaufgaben<\/td><\/tr><\/tbody><\/table><\/figure>\n\n\n\n<p><\/p>\n\n\n\n<div class=\"wp-block-media-text alignwide is-stacked-on-mobile\" style=\"grid-template-columns:38% auto\"><figure class=\"wp-block-media-text__media\"><a href=\"http:\/\/ready2learn.de\/wp-content\/uploads\/2020\/05\/OD_bp_db_dp_dpd.pdf\" target=\"_blank\" rel=\"noopener noreferrer\"><img loading=\"lazy\" decoding=\"async\" width=\"440\" height=\"286\" src=\"http:\/\/ready2learn.de\/wp-content\/uploads\/2020\/05\/OD_bp_db_dp_dpd.jpg\" alt=\"\" class=\"wp-image-927\" srcset=\"http:\/\/ready2learn.de\/wp-content\/uploads\/2020\/05\/OD_bp_db_dp_dpd.jpg 440w, http:\/\/ready2learn.de\/wp-content\/uploads\/2020\/05\/OD_bp_db_dp_dpd-300x195.jpg 300w\" sizes=\"auto, (max-width: 440px) 100vw, 440px\" \/><\/a><\/figure><div class=\"wp-block-media-text__content\">\n<p>Finde&#8230; <a rel=\"noreferrer noopener\" href=\"http:\/\/ready2learn.de\/wp-content\/uploads\/2020\/05\/OD_bp_db_dp_dpd.pdf\" target=\"_blank\">OD_bp_db_dp_dpd.pdf<\/a><\/p>\n<\/div><\/div>\n\n\n\n<p><\/p>\n\n\n\n<div class=\"wp-block-media-text alignwide has-media-on-the-right\" style=\"grid-template-columns:auto 29%\"><figure class=\"wp-block-media-text__media\"><img loading=\"lazy\" decoding=\"async\" width=\"1024\" height=\"278\" src=\"http:\/\/ready2learn.de\/wp-content\/uploads\/2020\/03\/ODLinkAB-1024x278.png\" alt=\"\" class=\"wp-image-419\" srcset=\"http:\/\/ready2learn.de\/wp-content\/uploads\/2020\/03\/ODLinkAB-1024x278.png 1024w, http:\/\/ready2learn.de\/wp-content\/uploads\/2020\/03\/ODLinkAB-300x81.png 300w, http:\/\/ready2learn.de\/wp-content\/uploads\/2020\/03\/ODLinkAB-768x208.png 768w, http:\/\/ready2learn.de\/wp-content\/uploads\/2020\/03\/ODLinkAB.png 1444w\" sizes=\"auto, (max-width: 1024px) 100vw, 1024px\" \/><\/figure><div class=\"wp-block-media-text__content\">\n<p class=\"has-text-align-left has-medium-font-size\"><a rel=\"noreferrer noopener\" aria-label=\"Link zu vielen Arbeitsbl\u00e4ttern zur &quot;Optischen Differenzierung&quot; (\u00f6ffnet in neuem Tab)\" href=\"https:\/\/arbeitsbl\u00e4tter.org\/page1.php?kat=OD\" target=\"_blank\">Link zu vielen Arbeitsbl\u00e4ttern zur &#8222;Optischen Differenzierung&#8220;<\/a>  <\/p>\n<\/div><\/div>\n\n\n\n<p><\/p>\n\n\n\n<div class=\"wp-block-media-text alignwide\" style=\"grid-template-columns:15% auto\"><figure class=\"wp-block-media-text__media\"><img loading=\"lazy\" decoding=\"async\" width=\"451\" height=\"456\" src=\"http:\/\/ready2learn.de\/wp-content\/uploads\/2020\/04\/OGEule.jpg\" alt=\"\" class=\"wp-image-906\" srcset=\"http:\/\/ready2learn.de\/wp-content\/uploads\/2020\/04\/OGEule.jpg 451w, http:\/\/ready2learn.de\/wp-content\/uploads\/2020\/04\/OGEule-297x300.jpg 297w, http:\/\/ready2learn.de\/wp-content\/uploads\/2020\/04\/OGEule-60x60.jpg 60w\" sizes=\"auto, (max-width: 451px) 100vw, 451px\" \/><\/figure><div class=\"wp-block-media-text__content\">\n<p class=\"has-normal-font-size\"><strong>Optisches Ged\u00e4chtnis<\/strong>: F\u00e4higkeit, sich Gesehenes zu merken, abzuspeichern und wenn n\u00f6tig, wiederzugeben (z.B. sich merken wie ein Wort geschrieben wird).<\/p>\n<\/div><\/div>\n\n\n\n<figure class=\"wp-block-table is-style-stripes\"><table><thead><tr><th class=\"has-text-align-left\" data-align=\"left\"><strong>Wenn das Kind mehrere Auff\u00e4lligkeiten in den folgenden Bereichen zeigt, dann sollte man dieses Sinneswahrnehmungsgebiet trainieren:<\/strong><\/th><\/tr><\/thead><tbody><tr><td class=\"has-text-align-left\" data-align=\"left\">Optische Informationen werden nicht gespeichert<\/td><\/tr><tr><td class=\"has-text-align-left\" data-align=\"left\">Schwierigkeiten, sich Farben, Formen, Bilder, Muster und Gegenst\u00e4nde zu merken<\/td><\/tr><tr><td class=\"has-text-align-left\" data-align=\"left\">Wortbildeinpr\u00e4gung gelingt nicht: W\u00f6rter werden oft zehnmal richtig geschrieben, dann wieder falsch<\/td><\/tr><tr><td class=\"has-text-align-left\" data-align=\"left\">Schwierigkeiten beim Zeichnen von Mustern aus dem Ged\u00e4chtnis<\/td><\/tr><tr><td class=\"has-text-align-left\" data-align=\"left\">Verwechslung der Buchstaben a-e-o, h-k, f-t, m-n<\/td><\/tr><tr><td class=\"has-text-align-left\" data-align=\"left\">Das Kind findet beim Lesen die Textstelle nicht<\/td><\/tr><tr><td class=\"has-text-align-left\" data-align=\"left\">Beim Abschreiben oftmaliges Hinschauen auf die Vorlage<\/td><\/tr><tr><td class=\"has-text-align-left\" data-align=\"left\">Die Schrift ist eckig, Rundungen und L\u00e4ngen sind unterschiedlich<\/td><\/tr><tr><td class=\"has-text-align-left\" data-align=\"left\">In den Heften sind die Buchstaben a-e-o gleich<\/td><\/tr><\/tbody><\/table><\/figure>\n\n\n\n<div class=\"wp-block-media-text alignwide has-media-on-the-right\" style=\"grid-template-columns:auto 29%\"><figure class=\"wp-block-media-text__media\"><img loading=\"lazy\" decoding=\"async\" width=\"1024\" height=\"278\" src=\"http:\/\/ready2learn.de\/wp-content\/uploads\/2020\/03\/OGLinkAB-1024x278.png\" alt=\"\" class=\"wp-image-418\" srcset=\"http:\/\/ready2learn.de\/wp-content\/uploads\/2020\/03\/OGLinkAB-1024x278.png 1024w, http:\/\/ready2learn.de\/wp-content\/uploads\/2020\/03\/OGLinkAB-300x81.png 300w, http:\/\/ready2learn.de\/wp-content\/uploads\/2020\/03\/OGLinkAB-768x208.png 768w, http:\/\/ready2learn.de\/wp-content\/uploads\/2020\/03\/OGLinkAB.png 1444w\" sizes=\"auto, (max-width: 1024px) 100vw, 1024px\" \/><\/figure><div class=\"wp-block-media-text__content\">\n<p class=\"has-text-align-left has-normal-font-size\"><a rel=\"noreferrer noopener\" aria-label=\"Link zu vielen Arbeitsbl\u00e4ttern zur &quot;Optischen Ged\u00e4chtnis&quot; (\u00f6ffnet in neuem Tab)\" href=\"https:\/\/arbeitsbl\u00e4tter.org\/page1.php?kat=OG\" target=\"_blank\">Link zu vielen Arbeitsbl\u00e4ttern zum &#8222;Optischen Ged\u00e4chtnis&#8220;<\/a><\/p>\n<\/div><\/div>\n\n\n\n<p><\/p>\n\n\n\n<div class=\"wp-block-media-text alignwide\" style=\"grid-template-columns:15% auto\"><figure class=\"wp-block-media-text__media\"><img loading=\"lazy\" decoding=\"async\" width=\"451\" height=\"456\" src=\"http:\/\/ready2learn.de\/wp-content\/uploads\/2020\/04\/OSEule.jpg\" alt=\"\" class=\"wp-image-907\" srcset=\"http:\/\/ready2learn.de\/wp-content\/uploads\/2020\/04\/OSEule.jpg 451w, http:\/\/ready2learn.de\/wp-content\/uploads\/2020\/04\/OSEule-297x300.jpg 297w, http:\/\/ready2learn.de\/wp-content\/uploads\/2020\/04\/OSEule-60x60.jpg 60w\" sizes=\"auto, (max-width: 451px) 100vw, 451px\" \/><\/figure><div class=\"wp-block-media-text__content\">\n<p class=\"has-normal-font-size\"><strong>Optische Serialit\u00e4t<\/strong>: F\u00e4higkeit, Gesehenes der Reihe nach ordnen zu k\u00f6nnen (z.B. die Abfolge von Buchstaben in einem Wort oder Reihenfolge der Zahlen)<\/p>\n<\/div><\/div>\n\n\n\n<figure class=\"wp-block-table is-style-stripes\"><table><thead><tr><th class=\"has-text-align-left\" data-align=\"left\"><strong>Wenn das Kind mehrere Auff\u00e4lligkeiten in den folgenden Bereichen zeigt, dann sollte man dieses Sinneswahrnehmungsgebiet trainieren:<\/strong><\/th><\/tr><\/thead><tbody><tr><td class=\"has-text-align-left\" data-align=\"left\">Optische Reihenfolgen k\u00f6nnen nicht richtig wahrgenommen werden<\/td><\/tr><tr><td class=\"has-text-align-left\" data-align=\"left\">Schwierigkeiten beim Zusammenlauten, beim Erfassen des Hintereinanders der Buchstaben<\/td><\/tr><tr><td class=\"has-text-align-left\" data-align=\"left\">Umdrehen der Reihenfolge der Buchstaben beim Lesen und Schreiben<\/td><\/tr><tr><td class=\"has-text-align-left\" data-align=\"left\">Es fehlen Buchstaben oder Silben, sie werden vertauscht oder hinzugef\u00fcgt<\/td><\/tr><tr><td class=\"has-text-align-left\" data-align=\"left\">Stockendes langsames Lesen<\/td><\/tr><tr><td class=\"has-text-align-left\" data-align=\"left\">Mitartikulieren, Vorsagen des vorgegebenen bzw. angesagten Textes<\/td><\/tr><tr><td class=\"has-text-align-left\" data-align=\"left\">Umstellung der Wortfolgen beim Schreiben<\/td><\/tr><tr><td class=\"has-text-align-left\" data-align=\"left\">Auslassen von Buchstaben, Endungen oder W\u00f6rtern beim Schreiben<\/td><\/tr><tr><td class=\"has-text-align-left\" data-align=\"left\">Verdoppelung von Buchstaben<\/td><\/tr><tr><td class=\"has-text-align-left\" data-align=\"left\">H\u00e4ufig nachtr\u00e4gliches Hinzuf\u00fcgen fehlender Buchstaben in einem Wort<\/td><\/tr><tr><td class=\"has-text-align-left\" data-align=\"left\">Ungleiche Zeilenabst\u00e4nde und Abst\u00e4nde der Buchstaben innerhalb eines Wortes sowie der W\u00f6rter untereinander<\/td><\/tr><tr><td class=\"has-text-align-left\" data-align=\"left\">Verdrehen der Reihenfolge einer Geschichte (z.B. beim Aufsatzschreiben)<\/td><\/tr><tr><td class=\"has-text-align-left\" data-align=\"left\">Abgleiten in Nebens\u00e4chlichkeiten und den Bezug zur Handlung verlieren<\/td><\/tr><tr><td class=\"has-text-align-left\" data-align=\"left\">Falsche Reihenfolge der Zahlen, Auslassen von Ziffern o Schwierigkeiten beim Z\u00e4hlen und Abz\u00e4hlen<\/td><\/tr><tr><td class=\"has-text-align-left\" data-align=\"left\">Schwierigkeiten beim Mengenerfassen<\/td><\/tr><tr><td class=\"has-text-align-left\" data-align=\"left\">Langsames Erlernen der Grundrechnungsarten<\/td><\/tr><tr><td class=\"has-text-align-left\" data-align=\"left\">Auslassen von Teilschritten beim Rechnen<\/td><\/tr><\/tbody><\/table><\/figure>\n\n\n\n<div class=\"wp-block-media-text alignwide is-stacked-on-mobile\" style=\"grid-template-columns:38% auto\"><figure class=\"wp-block-media-text__media\"><img loading=\"lazy\" decoding=\"async\" width=\"440\" height=\"286\" src=\"http:\/\/ready2learn.de\/wp-content\/uploads\/2020\/05\/OD_bp_db_dp_dpd.jpg\" alt=\"\" class=\"wp-image-927\" srcset=\"http:\/\/ready2learn.de\/wp-content\/uploads\/2020\/05\/OD_bp_db_dp_dpd.jpg 440w, http:\/\/ready2learn.de\/wp-content\/uploads\/2020\/05\/OD_bp_db_dp_dpd-300x195.jpg 300w\" sizes=\"auto, (max-width: 440px) 100vw, 440px\" \/><\/figure><div class=\"wp-block-media-text__content\">\n<p class=\"has-large-font-size\"><\/p>\n<\/div><\/div>\n\n\n\n<div class=\"wp-block-media-text alignwide has-media-on-the-right\" style=\"grid-template-columns:auto 31%\"><figure class=\"wp-block-media-text__media\"><img loading=\"lazy\" decoding=\"async\" width=\"1024\" height=\"278\" src=\"http:\/\/ready2learn.de\/wp-content\/uploads\/2020\/03\/OSLinkAB-1024x278.png\" alt=\"\" class=\"wp-image-417\" srcset=\"http:\/\/ready2learn.de\/wp-content\/uploads\/2020\/03\/OSLinkAB-1024x278.png 1024w, http:\/\/ready2learn.de\/wp-content\/uploads\/2020\/03\/OSLinkAB-300x81.png 300w, http:\/\/ready2learn.de\/wp-content\/uploads\/2020\/03\/OSLinkAB-768x208.png 768w, http:\/\/ready2learn.de\/wp-content\/uploads\/2020\/03\/OSLinkAB.png 1444w\" sizes=\"auto, (max-width: 1024px) 100vw, 1024px\" \/><\/figure><div class=\"wp-block-media-text__content\">\n<p class=\"has-text-align-right has-normal-font-size\"><a href=\"https:\/\/arbeitsbl\u00e4tter.org\/page1.php?kat=OS\" target=\"_blank\" rel=\"noreferrer noopener\" aria-label=\"Link zu vielen Arbeitsbl\u00e4ttern zur &quot;Optischen Serialit\u00e4t&quot; (\u00f6ffnet in neuem Tab)\">Link zu vielen Arbeitsbl\u00e4ttern zur &#8222;Optischen Serialit\u00e4t&#8220;<\/a><\/p>\n<\/div><\/div>\n\n\n\n<figure class=\"wp-block-embed-wordpress aligncenter wp-block-embed is-type-wp-embed is-provider-ready-2-learn\"><div class=\"wp-block-embed__wrapper\">\n<blockquote class=\"wp-embedded-content\" data-secret=\"sUNdzGrd67\"><a href=\"http:\/\/ready2learn.de\/?page_id=451\">Nutzung der Materialien<\/a><\/blockquote><iframe loading=\"lazy\" title=\"&#8222;Nutzung der Materialien&#8220; &#8212; ready2learn\" class=\"wp-embedded-content\" sandbox=\"allow-scripts\" security=\"restricted\" style=\"position: absolute; clip: rect(1px, 1px, 1px, 1px);\" src=\"http:\/\/ready2learn.de\/?page_id=451&#038;embed=true#?secret=sUNdzGrd67\" data-secret=\"sUNdzGrd67\" width=\"600\" height=\"338\" frameborder=\"0\" marginwidth=\"0\" marginheight=\"0\" scrolling=\"no\"><\/iframe>\n<\/div><\/figure>\n","protected":false},"excerpt":{"rendered":"<p>Optische Differenzierung:(F\u00e4higkeit, Gleiches von Ungleichem zu unterscheiden &#8211; z.B. Unterschied zwischen \u201ca\u201d und \u201co\u201d oder zwischen \u201ch\u201d und \u201ck\u201d sehen) Wenn das Kind mehrere Auff\u00e4lligkeiten in den folgenden Bereichen zeigt, dann sollte man dieses Sinneswahrnehmungsgebiet trainieren: Das Wesentliche aus dem &hellip; <\/p>\n","protected":false},"author":1,"featured_media":0,"parent":0,"menu_order":0,"comment_status":"closed","ping_status":"closed","template":"","meta":{"footnotes":""},"class_list":["post-218","page","type-page","status-publish","hentry"],"_links":{"self":[{"href":"http:\/\/ready2learn.de\/index.php?rest_route=\/wp\/v2\/pages\/218","targetHints":{"allow":["GET"]}}],"collection":[{"href":"http:\/\/ready2learn.de\/index.php?rest_route=\/wp\/v2\/pages"}],"about":[{"href":"http:\/\/ready2learn.de\/index.php?rest_route=\/wp\/v2\/types\/page"}],"author":[{"embeddable":true,"href":"http:\/\/ready2learn.de\/index.php?rest_route=\/wp\/v2\/users\/1"}],"replies":[{"embeddable":true,"href":"http:\/\/ready2learn.de\/index.php?rest_route=%2Fwp%2Fv2%2Fcomments&post=218"}],"version-history":[{"count":34,"href":"http:\/\/ready2learn.de\/index.php?rest_route=\/wp\/v2\/pages\/218\/revisions"}],"predecessor-version":[{"id":936,"href":"http:\/\/ready2learn.de\/index.php?rest_route=\/wp\/v2\/pages\/218\/revisions\/936"}],"wp:attachment":[{"href":"http:\/\/ready2learn.de\/index.php?rest_route=%2Fwp%2Fv2%2Fmedia&parent=218"}],"curies":[{"name":"wp","href":"https:\/\/api.w.org\/{rel}","templated":true}]}}